{"id":8458,"date":"2025-07-21T13:11:28","date_gmt":"2025-07-21T13:11:28","guid":{"rendered":"https:\/\/bdglobalmakina.com\/2026\/?post_type=product&#038;p=8458"},"modified":"2025-07-31T12:46:36","modified_gmt":"2025-07-31T12:46:36","slug":"10056032-ultimate-dana-60-front-4-88-ratio-with-eaton-elocker-3","status":"publish","type":"product","link":"https:\/\/www.bdglobalmakina.com\/index.php\/product\/10056032-ultimate-dana-60-front-4-88-ratio-with-eaton-elocker-3\/","title":{"rendered":"10056032 Ultimate Dana 60, Front, 4.88 Ratio with Eaton\u00ae ELocker\u00ae"},"content":{"rendered":"<table class=\"woocommerce-product-attributes shop_attributes\" aria-label=\"\u00dcr\u00fcn Ayr\u0131nt\u0131lar\u0131\">\n<tbody>\n<tr class=\"woocommerce-product-attributes-item woocommerce-product-attributes-item--attribute_pa_color\">\n<th class=\"woocommerce-product-attributes-item__label\" scope=\"row\">color<\/th>\n<td class=\"woocommerce-product-attributes-item__value\">Black, Blue<\/td>\n<\/tr>\n<tr class=\"woocommerce-product-attributes-item woocommerce-product-attributes-item--attribute_pa_manufacturers\">\n<th class=\"woocommerce-product-attributes-item__label\" scope=\"row\">manufacturers<\/th>\n<td class=\"woocommerce-product-attributes-item__value\">Bausch &amp; Lomb, Emmbros Overseas<\/td>\n<\/tr>\n<tr class=\"woocommerce-product-attributes-item woocommerce-product-attributes-item--attribute_pa_size\">\n<th class=\"woocommerce-product-attributes-item__label\" scope=\"row\">size<\/th>\n<td class=\"woocommerce-product-attributes-item__value\">L, M, S, XL<\/td>\n<\/tr>\n<\/tbody>\n<\/table>\n","protected":false},"excerpt":{"rendered":"<p>color Black, Blue manufacturers Bausch &amp; Lomb, Emmbros Overseas size L, M, S, XL<\/p>\n","protected":false},"featured_media":8335,"template":"","meta":{"inline_featured_image":false},"product_brand":[],"product_cat":[15],"product_tag":[],"class_list":{"0":"post-8458","1":"product","2":"type-product","3":"status-publish","4":"has-post-thumbnail","6":"product_cat-amman","8":"first","9":"instock","10":"shipping-taxable","11":"product-type-simple"},"_links":{"self":[{"href":"https:\/\/www.bdglobalmakina.com\/index.php\/wp-json\/wp\/v2\/product\/8458","targetHints":{"allow":["GET"]}}],"collection":[{"href":"https:\/\/www.bdglobalmakina.com\/index.php\/wp-json\/wp\/v2\/product"}],"about":[{"href":"https:\/\/www.bdglobalmakina.com\/index.php\/wp-json\/wp\/v2\/types\/product"}],"wp:featuredmedia":[{"embeddable":true,"href":"https:\/\/www.bdglobalmakina.com\/index.php\/wp-json\/wp\/v2\/media\/8335"}],"wp:attachment":[{"href":"https:\/\/www.bdglobalmakina.com\/index.php\/wp-json\/wp\/v2\/media?parent=8458"}],"wp:term":[{"taxonomy":"product_brand","embeddable":true,"href":"https:\/\/www.bdglobalmakina.com\/index.php\/wp-json\/wp\/v2\/product_brand?post=8458"},{"taxonomy":"product_cat","embeddable":true,"href":"https:\/\/www.bdglobalmakina.com\/index.php\/wp-json\/wp\/v2\/product_cat?post=8458"},{"taxonomy":"product_tag","embeddable":true,"href":"https:\/\/www.bdglobalmakina.com\/index.php\/wp-json\/wp\/v2\/product_tag?post=8458"}],"curies":[{"name":"wp","href":"https:\/\/api.w.org\/{rel}","templated":true}]}}