{"id":8642,"date":"2025-08-18T09:52:17","date_gmt":"2025-08-18T09:52:17","guid":{"rendered":"https:\/\/bdglobalmakina.com\/2026\/?page_id=8642"},"modified":"2025-08-18T09:52:26","modified_gmt":"2025-08-18T09:52:26","slug":"hakkimizda","status":"publish","type":"page","link":"https:\/\/www.bdglobalmakina.com\/index.php\/hakkimizda\/","title":{"rendered":"HAKKIMIZDA"},"content":{"rendered":"<p>Uzun y\u0131llar\u0131n verdi\u011fi tecr\u00fcbe ve i\u015finde profesyonel ekibiyle hizmet vermeye devam etmektedir.<\/p>\n<p>Di\u015fli, d\u00fcz di\u015fli, konik di\u015fli, helis di\u015fli, trigger di\u015fli, trigger kay\u0131\u015f, gibi bir\u00e7ok \u00fcr\u00fcn\u00fcn imalat\u0131n\u0131 profesyonel makinelerimiz ile yapmaktay\u0131z. \u0130htiyaca \u00f6zel \u00fcretim yap\u0131p, di\u015fli \u00f6l\u00e7\u00fcm\u00fc ve hesaplamas\u0131 gibi hizmetleri de sunmaktay\u0131z.<\/p>\n","protected":false},"excerpt":{"rendered":"<p>Uzun y\u0131llar\u0131n verdi\u011fi tecr\u00fcbe ve i\u015finde profesyonel ekibiyle hizmet vermeye devam etmektedir. Di\u015fli, d\u00fcz di\u015fli, konik di\u015fli, helis di\u015fli, trigger di\u015fli, trigger kay\u0131\u015f, gibi bir\u00e7ok \u00fcr\u00fcn\u00fcn imalat\u0131n\u0131 profesyonel makinelerimiz ile yapmaktay\u0131z. \u0130htiyaca \u00f6zel \u00fcretim yap\u0131p, di\u015fli \u00f6l\u00e7\u00fcm\u00fc ve hesaplamas\u0131 gibi hizmetleri de sunmaktay\u0131z.<\/p>\n","protected":false},"author":1,"featured_media":0,"parent":0,"menu_order":0,"comment_status":"closed","ping_status":"closed","template":"","meta":{"inline_featured_image":false,"footnotes":""},"class_list":["post-8642","page","type-page","status-publish","hentry"],"_links":{"self":[{"href":"https:\/\/www.bdglobalmakina.com\/index.php\/wp-json\/wp\/v2\/pages\/8642","targetHints":{"allow":["GET"]}}],"collection":[{"href":"https:\/\/www.bdglobalmakina.com\/index.php\/wp-json\/wp\/v2\/pages"}],"about":[{"href":"https:\/\/www.bdglobalmakina.com\/index.php\/wp-json\/wp\/v2\/types\/page"}],"author":[{"embeddable":true,"href":"https:\/\/www.bdglobalmakina.com\/index.php\/wp-json\/wp\/v2\/users\/1"}],"replies":[{"embeddable":true,"href":"https:\/\/www.bdglobalmakina.com\/index.php\/wp-json\/wp\/v2\/comments?post=8642"}],"version-history":[{"count":2,"href":"https:\/\/www.bdglobalmakina.com\/index.php\/wp-json\/wp\/v2\/pages\/8642\/revisions"}],"predecessor-version":[{"id":8644,"href":"https:\/\/www.bdglobalmakina.com\/index.php\/wp-json\/wp\/v2\/pages\/8642\/revisions\/8644"}],"wp:attachment":[{"href":"https:\/\/www.bdglobalmakina.com\/index.php\/wp-json\/wp\/v2\/media?parent=8642"}],"curies":[{"name":"wp","href":"https:\/\/api.w.org\/{rel}","templated":true}]}}