{"id":53,"date":"2020-10-14T09:36:36","date_gmt":"2020-10-14T09:36:36","guid":{"rendered":"http:\/\/source.wpopal.com\/medilazar\/contact\/"},"modified":"2025-08-18T10:05:22","modified_gmt":"2025-08-18T10:05:22","slug":"bize-ulasin","status":"publish","type":"page","link":"https:\/\/www.bdglobalmakina.com\/index.php\/bize-ulasin\/","title":{"rendered":"B\u0130ZE ULA\u015eIN"},"content":{"rendered":"\t\t<div data-elementor-type=\"wp-page\" data-elementor-id=\"53\" class=\"elementor elementor-53\" data-elementor-post-type=\"page\">\n\t\t\t\t\t\t<section class=\"elementor-section elementor-top-section elementor-element elementor-element-73a2f70 elementor-section-stretched elementor-section-boxed elementor-section-height-default elementor-section-height-default\" data-id=\"73a2f70\" data-element_type=\"section\" data-settings=\"{&quot;stretch_section&quot;:&quot;section-stretched&quot;,&quot;background_background&quot;:&quot;classic&quot;}\">\n\t\t\t\t\t\t<div class=\"elementor-container elementor-column-gap-no\">\n\t\t\t\t\t<div class=\"elementor-column elementor-col-33 elementor-top-column elementor-element elementor-element-c2921fc\" data-id=\"c2921fc\" data-element_type=\"column\">\n\t\t\t<div class=\"elementor-widget-wrap elementor-element-populated\">\n\t\t\t\t\t\t<div class=\"elementor-element elementor-element-98de941 elementor-position-left elementor-vertical-align-middle elementor-widget__width-initial elementor-widget-mobile__width-inherit elementor-view-default elementor-widget elementor-widget-icon-box\" data-id=\"98de941\" data-element_type=\"widget\" data-widget_type=\"icon-box.default\">\n\t\t\t\t\t        <div class=\"elementor-icon-box-wrapper\">\n                            <div class=\"elementor-icon-box-icon\">\n                    <span class=\"elementor-icon elementor-animation-\" >\n                        <i class=\"opal-icon-address\" aria-hidden=\"true\"><\/i>\n                    <\/span>\n                <\/div>\n                        <div class=\"elementor-icon-box-content\">\n                <div class=\"elementor-icon-header\">\n                                        <div class=\"elementor-icon-header-inner\">\n                        \n                        <h6 class=\"elementor-icon-box-title\">\n                            <span >\n                                Adres                            <\/span>\n                        <\/h6>\n                    <\/div>\n                <\/div>\n                                    <p class=\"elementor-icon-box-description\">\u00d6Z PETEK SAN. S\u0130T. 1402 SOKAK NO : 26 \u0130VED\u0130K \/ANKARA<\/p>\n                            <\/div>\n                    <\/div>\n\t\t\t\t\t\t<\/div>\n\t\t\t\t<div class=\"elementor-element elementor-element-60e85aa elementor-position-left elementor-vertical-align-middle elementor-widget__width-initial elementor-widget-mobile__width-inherit elementor-view-default elementor-widget elementor-widget-icon-box\" data-id=\"60e85aa\" data-element_type=\"widget\" data-widget_type=\"icon-box.default\">\n\t\t\t\t\t        <div class=\"elementor-icon-box-wrapper\">\n                            <div class=\"elementor-icon-box-icon\">\n                    <span class=\"elementor-icon elementor-animation-\" >\n                        <i class=\"opal-icon-support\" aria-hidden=\"true\"><\/i>\n                    <\/span>\n                <\/div>\n                        <div class=\"elementor-icon-box-content\">\n                <div class=\"elementor-icon-header\">\n                                        <div class=\"elementor-icon-header-inner\">\n                        \n                        <h6 class=\"elementor-icon-box-title\">\n                            <span >\n                                Telefon                            <\/span>\n                        <\/h6>\n                    <\/div>\n                <\/div>\n                                    <p class=\"elementor-icon-box-description\"> 0312 394 48 47<\/br>\n 0535 661 11 87<\/p>\n                            <\/div>\n                    <\/div>\n\t\t\t\t\t\t<\/div>\n\t\t\t\t<div class=\"elementor-element elementor-element-1072e5d elementor-position-left elementor-vertical-align-middle elementor-widget__width-initial elementor-widget-mobile__width-inherit elementor-view-default elementor-widget elementor-widget-icon-box\" data-id=\"1072e5d\" data-element_type=\"widget\" data-widget_type=\"icon-box.default\">\n\t\t\t\t\t        <div class=\"elementor-icon-box-wrapper\">\n                            <div class=\"elementor-icon-box-icon\">\n                    <span class=\"elementor-icon elementor-animation-\" >\n                        <i class=\"opal-icon-email\" aria-hidden=\"true\"><\/i>\n                    <\/span>\n                <\/div>\n                        <div class=\"elementor-icon-box-content\">\n                <div class=\"elementor-icon-header\">\n                                        <div class=\"elementor-icon-header-inner\">\n                        \n                        <h6 class=\"elementor-icon-box-title\">\n                            <span >\n                                EMAIL                            <\/span>\n                        <\/h6>\n                    <\/div>\n                <\/div>\n                                    <p class=\"elementor-icon-box-description\">info@bdglobalmakina.com<\/p>\n                            <\/div>\n                    <\/div>\n\t\t\t\t\t\t<\/div>\n\t\t\t\t\t<\/div>\n\t\t<\/div>\n\t\t\t\t<div class=\"elementor-column elementor-col-66 elementor-top-column elementor-element elementor-element-bf8868a\" data-id=\"bf8868a\" data-element_type=\"column\">\n\t\t\t<div class=\"elementor-widget-wrap elementor-element-populated\">\n\t\t\t\t\t\t<div class=\"elementor-element elementor-element-56c411b elementor-widget elementor-widget-google_maps\" data-id=\"56c411b\" data-element_type=\"widget\" data-widget_type=\"google_maps.default\">\n\t\t\t\t\t\t\t<div class=\"elementor-custom-embed\">\n\t\t\t<iframe loading=\"lazy\"\n\t\t\t\t\tsrc=\"https:\/\/maps.google.com\/maps?q=%C3%96Z%20PETEK%20SAN.%20S%C4%B0T.%201402%20SOKAK%20NO%20%3A%2026%20%C4%B0VED%C4%B0K%20%2FANKARA&#038;t=m&#038;z=15&#038;output=embed&#038;iwloc=near\"\n\t\t\t\t\ttitle=\"\u00d6Z PETEK SAN. S\u0130T. 1402 SOKAK NO : 26 \u0130VED\u0130K \/ANKARA\"\n\t\t\t\t\taria-label=\"\u00d6Z PETEK SAN. S\u0130T. 1402 SOKAK NO : 26 \u0130VED\u0130K \/ANKARA\"\n\t\t\t><\/iframe>\n\t\t<\/div>\n\t\t\t\t\t\t<\/div>\n\t\t\t\t\t<\/div>\n\t\t<\/div>\n\t\t\t\t\t<\/div>\n\t\t<\/section>\n\t\t\t\t<\/div>\n\t\t","protected":false},"excerpt":{"rendered":"<p>Adres \u00d6Z PETEK SAN. S\u0130T. 1402 SOKAK NO : 26 \u0130VED\u0130K \/ANKARA Telefon 0312 394 48 47 0535 661 11 87 EMAIL info@bdglobalmakina.com<\/p>\n","protected":false},"author":1,"featured_media":0,"parent":0,"menu_order":0,"comment_status":"closed","ping_status":"closed","template":"page-elementor.php","meta":{"inline_featured_image":false,"footnotes":""},"class_list":["post-53","page","type-page","status-publish","hentry"],"_links":{"self":[{"href":"https:\/\/www.bdglobalmakina.com\/index.php\/wp-json\/wp\/v2\/pages\/53","targetHints":{"allow":["GET"]}}],"collection":[{"href":"https:\/\/www.bdglobalmakina.com\/index.php\/wp-json\/wp\/v2\/pages"}],"about":[{"href":"https:\/\/www.bdglobalmakina.com\/index.php\/wp-json\/wp\/v2\/types\/page"}],"author":[{"embeddable":true,"href":"https:\/\/www.bdglobalmakina.com\/index.php\/wp-json\/wp\/v2\/users\/1"}],"replies":[{"embeddable":true,"href":"https:\/\/www.bdglobalmakina.com\/index.php\/wp-json\/wp\/v2\/comments?post=53"}],"version-history":[{"count":12,"href":"https:\/\/www.bdglobalmakina.com\/index.php\/wp-json\/wp\/v2\/pages\/53\/revisions"}],"predecessor-version":[{"id":8668,"href":"https:\/\/www.bdglobalmakina.com\/index.php\/wp-json\/wp\/v2\/pages\/53\/revisions\/8668"}],"wp:attachment":[{"href":"https:\/\/www.bdglobalmakina.com\/index.php\/wp-json\/wp\/v2\/media?parent=53"}],"curies":[{"name":"wp","href":"https:\/\/api.w.org\/{rel}","templated":true}]}}